{"id":75,"date":"2018-07-22T20:06:06","date_gmt":"2018-07-22T18:06:06","guid":{"rendered":"http:\/\/blumenstil-gmbh.ch\/?page_id=75"},"modified":"2024-08-27T08:24:08","modified_gmt":"2024-08-27T06:24:08","slug":"ueber-uns","status":"publish","type":"page","link":"https:\/\/blumenstil-gmbh.ch\/index.php\/ueber-uns\/","title":{"rendered":"\u00dcber Uns"},"content":{"rendered":"<p><img loading=\"lazy\" decoding=\"async\" class=\"alignleft wp-image-311\" src=\"https:\/\/blumenstil-gmbh.ch\/wp-content\/uploads\/2018\/08\/MG_9870-rk.jpg\" alt=\"\" width=\"822\" height=\"548\" srcset=\"https:\/\/blumenstil-gmbh.ch\/wp-content\/uploads\/2018\/08\/MG_9870-rk.jpg 1023w, https:\/\/blumenstil-gmbh.ch\/wp-content\/uploads\/2018\/08\/MG_9870-rk-150x100.jpg 150w, https:\/\/blumenstil-gmbh.ch\/wp-content\/uploads\/2018\/08\/MG_9870-rk-300x200.jpg 300w, https:\/\/blumenstil-gmbh.ch\/wp-content\/uploads\/2018\/08\/MG_9870-rk-768x512.jpg 768w\" sizes=\"auto, (max-width: 822px) 100vw, 822px\" \/><\/p>\n<h3><\/h3>\n<p>&nbsp;<\/p>\n<h3><span style=\"color: #008000;\"><strong>BlumenStil GmbH 2018<\/strong><\/span><\/h3>\n<p>&nbsp;<\/p>\n<p>Wir m\u00f6chten, dass Sie gl\u00fccklich unser Blumengesch\u00e4ft verlassen. Deshalb haben wir f\u00fcr Sie ein abwechslungsreiches, farbenfrohes und spannendes Sortiment zusammengestellt.<\/p>\n<p>Lassen Sie sich bei uns inspirieren! Wir beraten Sie gerne bei Ihrer Auswahl und der Zusammensetzung einer floristischen Kreation.<\/p>\n<p>Bei der Auswahl unserer Schnittblumen und Topfpflanzen legen wir grossen Wert auf Regionalit\u00e4t und entsprechende Qualit\u00e4t. Durch die enge Zusammenarbeit mit der Zumstein G\u00e4rtnerei in Sch\u00f6nenbuch, sowie weiteren regionalen G\u00e4rtnereien k\u00f6nnen wir diese Anforderungen erf\u00fcllen.<\/p>\n<p>&nbsp;<\/p>\n<hr \/>\n<h2><\/h2>\n<h2><span style=\"color: #333333;\"><strong>Floristinnen<\/strong><\/span><\/h2>\n<p>&nbsp;<\/p>\n<p><img loading=\"lazy\" decoding=\"async\" class=\" wp-image-411 alignleft\" src=\"https:\/\/blumenstil-gmbh.ch\/wp-content\/uploads\/2018\/08\/MirjamLang.png\" alt=\"\" width=\"308\" height=\"264\" srcset=\"https:\/\/blumenstil-gmbh.ch\/wp-content\/uploads\/2018\/08\/MirjamLang.png 395w, https:\/\/blumenstil-gmbh.ch\/wp-content\/uploads\/2018\/08\/MirjamLang-150x128.png 150w, https:\/\/blumenstil-gmbh.ch\/wp-content\/uploads\/2018\/08\/MirjamLang-300x257.png 300w\" sizes=\"auto, (max-width: 308px) 100vw, 308px\" \/><\/p>\n<p>&nbsp;<\/p>\n<p>&nbsp;<\/p>\n<h4 style=\"text-align: left;\"><span style=\"color: #000000;\">Floristin Blumenstil GmbH \u00a0 <\/span><span style=\"color: #000000;\">\u00a0 \u00a0\u00a0<\/span><\/h4>\n<h4 style=\"text-align: left;\"><a style=\"font-size: 1rem; font-weight: 400;\" href=\"mailto:info@blumenstil-gmbh.ch\"><em>Kontaktieren Sie mich.\u00a0<\/em><\/a><\/h4>\n<p>&nbsp;<\/p>\n<hr \/>\n<p>&nbsp;<\/p>\n<p><img loading=\"lazy\" decoding=\"async\" class=\" wp-image-412 alignnone\" src=\"https:\/\/blumenstil-gmbh.ch\/wp-content\/uploads\/2018\/08\/RegulaManser.png\" alt=\"\" width=\"291\" height=\"244\" srcset=\"https:\/\/blumenstil-gmbh.ch\/wp-content\/uploads\/2018\/08\/RegulaManser.png 406w, https:\/\/blumenstil-gmbh.ch\/wp-content\/uploads\/2018\/08\/RegulaManser-150x126.png 150w, https:\/\/blumenstil-gmbh.ch\/wp-content\/uploads\/2018\/08\/RegulaManser-300x252.png 300w\" sizes=\"auto, (max-width: 291px) 100vw, 291px\" \/><\/p>\n<h4 style=\"text-align: left;\"><span style=\"color: #000000;\">Floristin Blumenstil GmbH \u00a0 <\/span><span style=\"color: #000000;\">\u00a0 \u00a0\u00a0<\/span><\/h4>\n<h4 style=\"text-align: left;\"><a style=\"font-size: 1rem; font-weight: 400;\" href=\"mailto:info@blumenstil-gmbh.ch\"><em>Kontaktieren Sie mich.\u00a0<\/em><\/a><\/h4>\n<p>&nbsp;<\/p>\n<hr \/>\n<h2><\/h2>\n<h2><span style=\"color: #333333;\"><strong>Inhaber<\/strong><\/span><\/h2>\n<p>&nbsp;<\/p>\n<h4><img loading=\"lazy\" decoding=\"async\" class=\" wp-image-413 alignleft\" src=\"https:\/\/blumenstil-gmbh.ch\/wp-content\/uploads\/2018\/08\/StephanieZumstein.png\" alt=\"\" width=\"273\" height=\"237\" srcset=\"https:\/\/blumenstil-gmbh.ch\/wp-content\/uploads\/2018\/08\/StephanieZumstein.png 395w, https:\/\/blumenstil-gmbh.ch\/wp-content\/uploads\/2018\/08\/StephanieZumstein-150x130.png 150w, https:\/\/blumenstil-gmbh.ch\/wp-content\/uploads\/2018\/08\/StephanieZumstein-300x261.png 300w\" sizes=\"auto, (max-width: 273px) 100vw, 273px\" \/><\/h4>\n<h4 style=\"text-align: left;\"><span style=\"color: #000000;\">Inhaberin Blumenstil GmbH \u00a0 <\/span><span style=\"color: #000000;\">\u00a0 \u00a0\u00a0<\/span><\/h4>\n<h4 style=\"text-align: left;\"><a style=\"font-size: 1rem; font-weight: 400;\" href=\"mailto:info@blumenstil-gmbh.ch\"><em>Kontaktieren Sie mich.\u00a0<\/em><\/a><\/h4>\n<p>&nbsp;<\/p>\n<hr \/>\n<p>&nbsp;<\/p>\n<p><img loading=\"lazy\" decoding=\"async\" class=\" wp-image-283 alignleft\" src=\"https:\/\/blumenstil-gmbh.ch\/wp-content\/uploads\/2018\/08\/Zumstein.png\" alt=\"\" width=\"267\" height=\"233\" srcset=\"https:\/\/blumenstil-gmbh.ch\/wp-content\/uploads\/2018\/08\/Zumstein.png 393w, https:\/\/blumenstil-gmbh.ch\/wp-content\/uploads\/2018\/08\/Zumstein-150x131.png 150w, https:\/\/blumenstil-gmbh.ch\/wp-content\/uploads\/2018\/08\/Zumstein-300x261.png 300w\" sizes=\"auto, (max-width: 267px) 100vw, 267px\" \/><\/p>\n<h4 style=\"text-align: left;\"><span style=\"color: #000000;\">Inhaber Blumenstil GmbH \u00a0 <\/span><span style=\"color: #000000;\">\u00a0 \u00a0\u00a0<\/span><\/h4>\n<h4 style=\"text-align: left;\"><a style=\"font-size: 1rem; font-weight: 400;\" href=\"mailto:info@blumenstil-gmbh.ch\"><em>Kontaktieren Sie mich.\u00a0<\/em><\/a><\/h4>\n","protected":false},"excerpt":{"rendered":"<p>&nbsp; BlumenStil GmbH 2018 &nbsp; Wir m\u00f6chten, dass Sie gl\u00fccklich unser Blumengesch\u00e4ft verlassen. Deshalb haben wir f\u00fcr Sie ein abwechslungsreiches, farbenfrohes und spannendes Sortiment zusammengestellt. Lassen Sie sich bei uns inspirieren! Wir beraten Sie gerne bei Ihrer Auswahl und der Zusammensetzung einer floristischen Kreation. Bei der Auswahl unserer Schnittblumen und&#8230;<\/p>\n","protected":false},"author":1,"featured_media":144,"parent":0,"menu_order":0,"comment_status":"closed","ping_status":"open","template":"","meta":{"footnotes":""},"class_list":["post-75","page","type-page","status-publish","has-post-thumbnail","hentry"],"_links":{"self":[{"href":"https:\/\/blumenstil-gmbh.ch\/index.php\/wp-json\/wp\/v2\/pages\/75","targetHints":{"allow":["GET"]}}],"collection":[{"href":"https:\/\/blumenstil-gmbh.ch\/index.php\/wp-json\/wp\/v2\/pages"}],"about":[{"href":"https:\/\/blumenstil-gmbh.ch\/index.php\/wp-json\/wp\/v2\/types\/page"}],"author":[{"embeddable":true,"href":"https:\/\/blumenstil-gmbh.ch\/index.php\/wp-json\/wp\/v2\/users\/1"}],"replies":[{"embeddable":true,"href":"https:\/\/blumenstil-gmbh.ch\/index.php\/wp-json\/wp\/v2\/comments?post=75"}],"version-history":[{"count":53,"href":"https:\/\/blumenstil-gmbh.ch\/index.php\/wp-json\/wp\/v2\/pages\/75\/revisions"}],"predecessor-version":[{"id":561,"href":"https:\/\/blumenstil-gmbh.ch\/index.php\/wp-json\/wp\/v2\/pages\/75\/revisions\/561"}],"wp:featuredmedia":[{"embeddable":true,"href":"https:\/\/blumenstil-gmbh.ch\/index.php\/wp-json\/wp\/v2\/media\/144"}],"wp:attachment":[{"href":"https:\/\/blumenstil-gmbh.ch\/index.php\/wp-json\/wp\/v2\/media?parent=75"}],"curies":[{"name":"wp","href":"https:\/\/api.w.org\/{rel}","templated":true}]}}